{"id":1291,"date":"2024-11-05T13:30:40","date_gmt":"2024-11-05T13:30:40","guid":{"rendered":"https:\/\/drgioij.cluster028.hosting.ovh.net\/?page_id=1291"},"modified":"2026-04-01T09:38:03","modified_gmt":"2026-04-01T09:38:03","slug":"home-3","status":"publish","type":"page","link":"https:\/\/bppmg.pl\/","title":{"rendered":"Strona g\u0142\u00f3wna"},"content":{"rendered":"\n<figure class=\"wp-block-image aligncenter size-full\"><img fetchpriority=\"high\" decoding=\"async\" width=\"1920\" height=\"550\" src=\"https:\/\/bppmg.pl\/wp-content\/uploads\/2025\/08\/kolaz_home.png\" alt=\"\" class=\"wp-image-1901\" srcset=\"https:\/\/bppmg.pl\/wp-content\/uploads\/2025\/08\/kolaz_home.png 1920w, https:\/\/bppmg.pl\/wp-content\/uploads\/2025\/08\/kolaz_home-300x86.png 300w, https:\/\/bppmg.pl\/wp-content\/uploads\/2025\/08\/kolaz_home-768x220.png 768w, https:\/\/bppmg.pl\/wp-content\/uploads\/2025\/08\/kolaz_home-1536x440.png 1536w, https:\/\/bppmg.pl\/wp-content\/uploads\/2025\/08\/kolaz_home-1000x286.png 1000w, https:\/\/bppmg.pl\/wp-content\/uploads\/2025\/08\/kolaz_home-230x66.png 230w, https:\/\/bppmg.pl\/wp-content\/uploads\/2025\/08\/kolaz_home-350x100.png 350w, https:\/\/bppmg.pl\/wp-content\/uploads\/2025\/08\/kolaz_home-480x138.png 480w\" sizes=\"(max-width: 1920px) 100vw, 1920px\" \/><\/figure>\n\n\n\n<h3 class=\"wp-block-heading\">AKTUALNO\u015aCI<\/h3>\n\n\n\n<div class=\"featured-posts featured-layout2\">\n\t\t<div class=\"container\">\n\t\t\t<div class=\"featured-posts-inner\">\n\t\t\t\t\n\t\t\t\t\n\t\t\t\t<div class=\"featured-post\" style=\"background-image:url(https:\/\/bppmg.pl\/wp-content\/uploads\/2026\/04\/Sad-Rejonowy.jpg);\">\n\t\t\t\t\t<div class=\"content\">\n\t\t\t\t\t\t<h2 class=\"entry-title\"><a href=\"https:\/\/bppmg.pl\/index.php\/2026\/04\/01\/podczas-sesji-w-dniu-25-marca-br-rada-miasta-gdyni-podjela-uchwale-w-sprawie-uchwalenia-miejscowego-planu-zagospodarowania-przestrzennego-czesci-dzielnicy-srodmiescie-w-gdyni-rejon-placu-konstytucji\/\" rel=\"bookmark\">Podczas sesji w dniu 25 marca br. Rada Miasta Gdyni podj\u0119\u0142a uchwa\u0142\u0119 w sprawie uchwalenia miejscowego planu zagospodarowania przestrzennego cz\u0119\u015bci dzielnicy \u015ar\u00f3dmie\u015bcie w Gdyni, rejon Placu Konstytucji oraz ulic Jana z Kolna i W\u00f3jta Radtkego.<\/a><\/h2>\t\t\t\t\t<\/div>\n\t\t\t\t<\/div>\n\t\t\t\t\n\t\t\t\t\n\t\t\t\t<div class=\"featured-post\" style=\"background-image:url(https:\/\/bppmg.pl\/wp-content\/uploads\/2026\/04\/wzgorze.jpg);\">\n\t\t\t\t\t<div class=\"content\">\n\t\t\t\t\t\t<h2 class=\"entry-title\"><a href=\"https:\/\/bppmg.pl\/index.php\/2026\/04\/01\/na-sesji-rady-miasta-gdyni-w-dniu-25-03-2026-r-uchwalono\/\" rel=\"bookmark\">Rada Miasta Gdyni podj\u0119\u0142a uchwa\u0142\u0119 w sprawie uchwalenia miejscowego planu zagospodarowania przestrzennego dla cz\u0119\u015bci dzielnic Wzg\u00f3rze \u015aw. Maksymiliana i Red\u0142owo, obejmuj\u0105cego rejon al. Zwyci\u0119stwa oraz ulic K. Tetmajera, M. Kopernika i Red\u0142owskiej.<\/a><\/h2>\t\t\t\t\t<\/div>\n\t\t\t\t<\/div>\n\t\t\t\t\n\t\t\t\t\n\t\t\t\t<div class=\"featured-post\" style=\"background-image:url(https:\/\/bppmg.pl\/wp-content\/uploads\/2026\/02\/Zrzut-ekranu-2026-02-02-104542.png);\">\n\t\t\t\t\t<div class=\"content\">\n\t\t\t\t\t\t<h2 class=\"entry-title\"><a href=\"https:\/\/bppmg.pl\/index.php\/2026\/02\/02\/powolanie-miejskiej-komisji-urbanistyczno-architektonicznej\/\" rel=\"bookmark\">POWO\u0141ANIE MIEJSKIEJ KOMISJI URBANISTYCZNO-ARCHITEKTONICZNEJ<\/a><\/h2>\t\t\t\t\t<\/div>\n\t\t\t\t<\/div>\n\t\t\t\t\n\t\t\t\t\n\t\t\t\t<div class=\"featured-post\" style=\"background-image:url(https:\/\/bppmg.pl\/wp-content\/uploads\/2026\/01\/1118.jpg);\">\n\t\t\t\t\t<div class=\"content\">\n\t\t\t\t\t\t<h2 class=\"entry-title\"><a href=\"https:\/\/bppmg.pl\/index.php\/2026\/01\/16\/konsultacje-spoleczne-projektu-planu-miejscowego-w-rejonie-sadu-rejonowego\/\" rel=\"bookmark\">KONSULTACJE SPO\u0141ECZNE PROJEKTU PLANU MIEJSCOWEGO W REJONIE S\u0104DU REJONOWEGO<\/a><\/h2>\t\t\t\t\t<\/div>\n\t\t\t\t<\/div>\n\t\t\t\t\n\t\t\t\t\n\t\t\t\t<div class=\"featured-post\" style=\"background-image:url();\">\n\t\t\t\t\t<div class=\"content\">\n\t\t\t\t\t\t<h2 class=\"entry-title\"><a href=\"https:\/\/bppmg.pl\/index.php\/2025\/12\/29\/praca-biura-w-sylwestra\/\" rel=\"bookmark\">PRACA BIURA W SYLWESTRA<\/a><\/h2>\t\t\t\t\t<\/div>\n\t\t\t\t<\/div>\n\t\t\t\t\t\t\t<\/div>\n\t\t<\/div>\n\t<\/div>\n\n\n<h3><strong>ZNAJD\u0179 PLAN<\/strong><\/h3>\n\n\n<br><iframe src=\"https:\/\/gdynia.maps.arcgis.com\/apps\/instant\/lookup\/index.html?appid=ddfbde11e178416098c745f4e6bc501e\" width=\"100%\" height=\"700px\" frameborder=\"0\" style=\"border:0\" allowfullscreen=\"\"><\/iframe>\n\n\n\n<div class=\"wp-block-columns is-layout-flex wp-container-core-columns-is-layout-9d6595d7 wp-block-columns-is-layout-flex\">\n<div class=\"wp-block-column is-layout-flow wp-block-column-is-layout-flow\" style=\"flex-basis:33.34%\">\n<div class=\"wp-block-group is-layout-constrained wp-block-group-is-layout-constrained\">\n<div class=\"wp-block-columns is-layout-flex wp-container-core-columns-is-layout-9d6595d7 wp-block-columns-is-layout-flex\">\n<div class=\"wp-block-column is-layout-flow wp-block-column-is-layout-flow\" style=\"flex-basis:100%\"><\/div>\n<\/div>\n<\/div>\n<\/div>\n\n\n\n<div class=\"wp-block-column is-layout-flow wp-block-column-is-layout-flow\" style=\"flex-basis:33.34%\"><\/div>\n\n\n\n<div class=\"wp-block-column is-layout-flow wp-block-column-is-layout-flow\" style=\"flex-basis:33.33%\"><\/div>\n<\/div>\n\n\n\n<p class=\"is-style-sydney-no-margin\"><\/p>\n\n\n\n<p class=\"body.home article.page .content-inner {     padding-top: 0; pading-left: 60px; pading-right: 60px; pading-down: 60px\"><\/p>\n","protected":false},"excerpt":{"rendered":"<p>AKTUALNO\u015aCI Podczas sesji w dniu 25 marca br. Rada Miasta Gdyni podj\u0119\u0142a uchwa\u0142\u0119 w sprawie uchwalenia miejscowego planu zagospodarowania przestrzennego cz\u0119\u015bci dzielnicy [&hellip;]<\/p>\n","protected":false},"author":1,"featured_media":0,"parent":0,"menu_order":0,"comment_status":"closed","ping_status":"closed","template":"page-templates\/page_fullwidth.php","meta":{"footnotes":""},"class_list":["post-1291","page","type-page","status-publish","hentry"],"_links":{"self":[{"href":"https:\/\/bppmg.pl\/index.php\/wp-json\/wp\/v2\/pages\/1291","targetHints":{"allow":["GET"]}}],"collection":[{"href":"https:\/\/bppmg.pl\/index.php\/wp-json\/wp\/v2\/pages"}],"about":[{"href":"https:\/\/bppmg.pl\/index.php\/wp-json\/wp\/v2\/types\/page"}],"author":[{"embeddable":true,"href":"https:\/\/bppmg.pl\/index.php\/wp-json\/wp\/v2\/users\/1"}],"replies":[{"embeddable":true,"href":"https:\/\/bppmg.pl\/index.php\/wp-json\/wp\/v2\/comments?post=1291"}],"version-history":[{"count":131,"href":"https:\/\/bppmg.pl\/index.php\/wp-json\/wp\/v2\/pages\/1291\/revisions"}],"predecessor-version":[{"id":2328,"href":"https:\/\/bppmg.pl\/index.php\/wp-json\/wp\/v2\/pages\/1291\/revisions\/2328"}],"wp:attachment":[{"href":"https:\/\/bppmg.pl\/index.php\/wp-json\/wp\/v2\/media?parent=1291"}],"curies":[{"name":"wp","href":"https:\/\/api.w.org\/{rel}","templated":true}]}}